{"id":43,"date":"2024-11-25T02:04:11","date_gmt":"2024-11-25T02:04:11","guid":{"rendered":"https:\/\/animania.com.mx\/hospital\/home\/"},"modified":"2025-04-16T03:23:52","modified_gmt":"2025-04-16T03:23:52","slug":"home","status":"publish","type":"page","link":"https:\/\/www.animania.com.mx\/hospital\/","title":{"rendered":"Home"},"content":{"rendered":"\n\n\n<h1>HOSPITAL 24 Hrs<\/h1>\n<h3>Un nuevo espacio para atenderlos como se merecen<\/h3>\n\n\n\n\n\n\n\n\n\n\n\n\n\n\n\n\n\n<h4><span style=\"color: #C9555B;\">Consulta M\u00e9dica<\/span><\/h4>\n<p><span style=\"color: rgb(255, 255, 255);\">I\u2019m a paragraph. Go to SitePad Editor to add your own text and edit me. It\u2019s easy. Just Go to SitePad Editor to add your own text and edit me content and make changes to the font.<\/span><\/p>\n\n\n<h4><span style=\"color: #C9555B;\">Vacunas<\/span><\/h4><div><span style=\"color: rgb(255, 255, 255); font-family: Lato, sans-serif; font-size: 15px; font-style: normal; font-variant-ligatures: normal; font-variant-caps: normal; font-weight: 300;\">I\u2019m a paragraph. Go to SitePad Editor to add your own text and edit me. It\u2019s easy. Just Go to SitePad Editor to add your own text and edit me content and make changes to the font.<\/span><span style=\"color: #C9555B;\"><\/span><\/div>\n\n\n<h4><span style=\"color: #C9555B;\">Hospitalizaci\u00f3n<\/span><\/h4>\n<p><span style=\"color: rgb(255, 255, 255);\">I\u2019m a paragraph. Go to SitePad Editor to add your own text and edit me. It\u2019s easy. Just Go to SitePad Editor to add your own text and edit me content and make changes to the font.<\/span><\/p>\n\n\n\n\n\n\n\n\n\n\n\n<h3>\n\n\n\n\n\n\n\n\n<\/h3><h1>SIEMPRE A TU LADO EN SU CUIDADO<\/h1>\n\n\n\n\n\n\n\n\n\n\n\n\n\n\n\n\n\n\n\n\n\n\n\n\n\n\n\n\n\n\n\n\n\n\n\n\n\n\n\n\n\n\n\n\n\n\n\n<p><br><\/p>\n\n\n\n\n\n\n\n\n\n\n\n\n\n\n\n\n\n\n\n\n<p>As\u00ed es, seguimos contando con nuestra sucursal de Newton #215 donde siempre nos han conocido, pero ah\u00ed les ofrecemos los Servicios de Est\u00e9tica, Venta de Alimentos, Medicamentos y Consulta General<\/p>\n\n\n\n\n\n\n<p>No nos cambiamos de lugar, sino que hemos crecido y ahora queremos ofrecerte un lugar mucho m\u00e1s c\u00f3modo, amplio, fresco, con mejores equipos y m\u00e1s servicios para continuar atendiendo cada d\u00eda mejor a sus mascotas.<\/p>\n\n\n\n\n\n\n\n\n\n\n\n\n\n\n\n\n\n\n\n\n\n\n\n\n\n\n\n\n\n\n\n\n\n\n\n\n\n\n\n\n\n\n\n<p><strong style=\"color: rgb(255, 255, 255);\">Surgeon<\/strong><\/p>\n\n\n\n\n\n\n\n\n\n\n\n\n\n\n\n\n<p><strong style=\"color: rgb(255, 255, 255);\">Founder<\/strong><\/p>\n\n\n\n\n\n\n\n\n\n\n\n\n\n\n\n\n<p><strong style=\"color: rgb(255, 255, 255);\">Supervisor<\/strong><\/p>\n\n\n\n\n\n\n\n\n\n\n\n\n\n\n\n\n<p><strong style=\"color: rgb(255, 255, 255);\">Veterinary Chief<\/strong><\/p>\n\n\n\n\n\n\n\n\n\n\n\n\n\n\n\n\n\n\n\n\n\n\n\n\n\n\n\n\n\n\n\n\n\n\n\n\n\n\n\n\n\n","protected":false},"excerpt":{"rendered":"","protected":false},"author":1,"featured_media":0,"parent":0,"menu_order":0,"comment_status":"closed","ping_status":"closed","template":"","meta":{"pagelayer_contact_templates":[],"_pagelayer_content":"","footnotes":""},"class_list":["post-43","page","type-page","status-publish","hentry"],"_links":{"self":[{"href":"https:\/\/www.animania.com.mx\/hospital\/wp-json\/wp\/v2\/pages\/43","targetHints":{"allow":["GET"]}}],"collection":[{"href":"https:\/\/www.animania.com.mx\/hospital\/wp-json\/wp\/v2\/pages"}],"about":[{"href":"https:\/\/www.animania.com.mx\/hospital\/wp-json\/wp\/v2\/types\/page"}],"author":[{"embeddable":true,"href":"https:\/\/www.animania.com.mx\/hospital\/wp-json\/wp\/v2\/users\/1"}],"replies":[{"embeddable":true,"href":"https:\/\/www.animania.com.mx\/hospital\/wp-json\/wp\/v2\/comments?post=43"}],"version-history":[{"count":56,"href":"https:\/\/www.animania.com.mx\/hospital\/wp-json\/wp\/v2\/pages\/43\/revisions"}],"predecessor-version":[{"id":265,"href":"https:\/\/www.animania.com.mx\/hospital\/wp-json\/wp\/v2\/pages\/43\/revisions\/265"}],"wp:attachment":[{"href":"https:\/\/www.animania.com.mx\/hospital\/wp-json\/wp\/v2\/media?parent=43"}],"curies":[{"name":"wp","href":"https:\/\/api.w.org\/{rel}","templated":true}]}}